{"id":6621,"date":"2023-10-26T10:21:39","date_gmt":"2023-10-26T10:21:39","guid":{"rendered":"https:\/\/gestionfin.com\/subastas\/?page_id=6621"},"modified":"2023-10-26T10:21:39","modified_gmt":"2023-10-26T10:21:39","slug":"terminos-de-uso","status":"publish","type":"page","link":"https:\/\/gestionfin.com\/subastas\/terminos-de-uso\/","title":{"rendered":"T\u00e9rminos de uso"},"content":{"rendered":"<ol>\n<li>Introducci\u00f3n<\/li>\n<\/ol>\n<p>Las presentes condiciones generales de uso de la p\u00e1gina web, regulan los t\u00e9rminos y condiciones de acceso y uso de\u00a0www.gestionfin.com, propiedad de Gesti\u00f3n Fin grupo Car SL, con domicilio en calle Bertrand i Serra , 20 y con C\u00f3digo Postal 08022, CIF B 65332488 en adelante, empresa ,que el usuario del Portal deber\u00e1 de leer y aceptar para usar todos los servicios e informaci\u00f3n que se facilitan desde el portal.\u00a0El mero acceso y\/o utilizaci\u00f3n del portal, de todos o parte de sus contenidos y\/o servicios significa la plena aceptaci\u00f3n de las presentes condiciones generales de uso.<\/p>\n<ol start=\"2\">\n<li>Condiciones de uso<\/li>\n<\/ol>\n<p>Las presentes condiciones generales de uso del portal regulan el acceso y la utilizaci\u00f3n del portal, incluyendo los contenidos y los servicios puestos a disposici\u00f3n de los usuarios en y\/o a trav\u00e9s del portal, bien por el portal, bien por sus usuarios, bien por terceros. No obstante, el acceso y la utilizaci\u00f3n de ciertos contenidos y\/o servicios puede encontrarse sometido a determinadas condiciones espec\u00edficas.<\/p>\n<p>3.\u00a0\u00a0Modificaciones<\/p>\n<p>La empresa se reserva la facultad de modificar en cualquier momento las condiciones generales de uso del portal. En todo caso, se recomienda que consulte peri\u00f3dicamente los presentes\u00a0t\u00e9rminos de uso del portal, ya que pueden ser modificados.<\/p>\n<ol start=\"4\">\n<li>Obligaciones del Usuario<\/li>\n<\/ol>\n<p>El usuario deber\u00e1 respetar en todo momento los t\u00e9rminos y condiciones establecidos en las presentes condiciones generales de uso del portal. De forma expresa el usuario manifiesta que utilizar\u00e1 el portal de forma diligente y asumiendo cualquier responsabilidad que pudiera derivarse del incumplimiento de las normas.<\/p>\n<p>As\u00ed mismo, el usuario no podr\u00e1 utilizar el portal para transmitir, almacenar, divulgar promover o distribuir datos o contenidos que sean portadores de virus o cualquier otro c\u00f3digo inform\u00e1tico, archivos o programas dise\u00f1ados para interrumpir, destruir o perjudicar el funcionamiento de cualquier programa o equipo inform\u00e1tico o de telecomunicaciones.<\/p>\n<ol start=\"5\">\n<li>Responsabilidad del portal<\/li>\n<\/ol>\n<p>El usuario conoce y acepta que el portal no otorga ninguna garant\u00eda de cualquier naturaleza, ya sea expresa o impl\u00edcita, sobre los datos, contenidos, informaci\u00f3n y servicios que se incorporan y ofrecen desde el Portal.<\/p>\n<p>Exceptuando los casos que la Ley imponga expresamente lo contrario, y exclusivamente con la medida y extensi\u00f3n en que lo imponga, el Portal no garantiza ni asume responsabilidad alguna respecto a los posibles da\u00f1os y perjuicios causados por el uso y utilizaci\u00f3n de la informaci\u00f3n, datos y servicios del Portal.<\/p>\n<p>En todo caso, el Portal excluye cualquier responsabilidad por los da\u00f1os y perjuicios que puedan deberse a la informaci\u00f3n y\/o servicios prestados o suministrados por terceros diferentes de la Empresa. Toda responsabilidad ser\u00e1 del tercero ya sea proveedor o\u00a0colaborador.<\/p>\n<ol start=\"6\">\n<li>Propiedad intelectual e industrial<\/li>\n<\/ol>\n<p>Todos los contenidos, marcas, logos, dibujos, documentaci\u00f3n, programas inform\u00e1ticos o cualquier otro elemento susceptible de protecci\u00f3n por la legislaci\u00f3n de propiedad intelectual o industrial, que sean accesibles en el portal corresponden exclusivamente a la empresa o a sus leg\u00edtimos titulares y quedan expresamente reservados todos los derechos sobre los mismos. Queda expresamente prohibida la creaci\u00f3n de enlaces de hipertexto (links) a cualquier elemento integrante de las p\u00e1ginas web del Portal sin la autorizaci\u00f3n de la empresa, siempre que no sean a una p\u00e1gina web del Portal que no requiera identificaci\u00f3n o autenticaci\u00f3n para su acceso, o el mismo est\u00e9 restringido.<\/p>\n<p>En cualquier caso, el portal se reserva todos los derechos sobre los contenidos, informaci\u00f3n datos y servicios que ostente sobre los mismos. El portal no concede ninguna licencia o autorizaci\u00f3n de uso al usuario sobre sus contenidos, datos o servicios, distinta de la que expresamente se detalle en las presentes condiciones generales de uso del portal.<\/p>\n","protected":false},"excerpt":{"rendered":"<p>Introducci\u00f3n Las presentes condiciones generales de uso de la p\u00e1gina web, regulan los t\u00e9rminos y condiciones de acceso y uso de\u00a0www.gestionfin.com, propiedad de Gesti\u00f3n Fin grupo Car SL, con domicilio en calle Bertrand i Serra , 20 y con C\u00f3digo Postal 08022, CIF B 65332488 en adelante, empresa ,que el usuario del Portal deber\u00e1 de [&hellip;]<\/p>\n","protected":false},"author":1,"featured_media":0,"parent":0,"menu_order":0,"comment_status":"closed","ping_status":"closed","template":"","meta":{"footnotes":""},"class_list":["post-6621","page","type-page","status-publish","hentry"],"_links":{"self":[{"href":"https:\/\/gestionfin.com\/subastas\/wp-json\/wp\/v2\/pages\/6621","targetHints":{"allow":["GET"]}}],"collection":[{"href":"https:\/\/gestionfin.com\/subastas\/wp-json\/wp\/v2\/pages"}],"about":[{"href":"https:\/\/gestionfin.com\/subastas\/wp-json\/wp\/v2\/types\/page"}],"author":[{"embeddable":true,"href":"https:\/\/gestionfin.com\/subastas\/wp-json\/wp\/v2\/users\/1"}],"replies":[{"embeddable":true,"href":"https:\/\/gestionfin.com\/subastas\/wp-json\/wp\/v2\/comments?post=6621"}],"version-history":[{"count":1,"href":"https:\/\/gestionfin.com\/subastas\/wp-json\/wp\/v2\/pages\/6621\/revisions"}],"predecessor-version":[{"id":6622,"href":"https:\/\/gestionfin.com\/subastas\/wp-json\/wp\/v2\/pages\/6621\/revisions\/6622"}],"wp:attachment":[{"href":"https:\/\/gestionfin.com\/subastas\/wp-json\/wp\/v2\/media?parent=6621"}],"curies":[{"name":"wp","href":"https:\/\/api.w.org\/{rel}","templated":true}]}}