{"id":6644,"date":"2023-11-17T11:52:57","date_gmt":"2023-11-17T10:52:57","guid":{"rendered":"https:\/\/gestionfin.com\/subastas\/?post_type=product&#038;p=6644"},"modified":"2024-03-18T05:17:18","modified_gmt":"2024-03-18T04:17:18","slug":"new-holland-t7-215-s","status":"publish","type":"product","link":"https:\/\/gestionfin.com\/subastas\/product\/new-holland-t7-215-s\/","title":{"rendered":"NEW HOLLAND T7.215 S"},"content":{"rendered":"<p>MARCA\/MODELO:\u00a0 NEW HOLLAND T7.215 S<br \/>\nMATRICULA:\u00a0 E-1078-BHL<br \/>\nFECHA:\u00a0 2021<br \/>\nESTADO:\u00a0 REGULAR<br \/>\nHORAS DE TRABAJO:\u00a0 2909,1<br \/>\nFALTANTES DE \u00daTILES:\u00a0 ALZAMIENTO DE LOS DOS LADOS, FOCOS, CONTRAPESOS DELANTEROS Y GUARDABARROS<br \/>\nDA\u00d1OS:\u00a0 INSTALACI\u00d3N EL\u00c9CTRICA, MECANISMO DEL ASIENTO ROTO, TAPICER\u00cdA MUY DA\u00d1ADA Y CONTORNO DEL VEH\u00cdCULO POR USO.<\/p>\n","protected":false},"excerpt":{"rendered":"<p>MARCA\/MODELO:\u00a0 NEW HOLLAND T7.215 S MATRICULA:\u00a0 E-1078-BHL FECHA:\u00a0 2021 ESTADO:\u00a0 REGULAR HORAS DE TRABAJO:\u00a0 2909,1 FALTANTES DE \u00daTILES:\u00a0 ALZAMIENTO DE LOS DOS LADOS, FOCOS, CONTRAPESOS DELANTEROS Y GUARDABARROS DA\u00d1OS:\u00a0 INSTALACI\u00d3N EL\u00c9CTRICA, MECANISMO DEL ASIENTO ROTO, TAPICER\u00cdA MUY DA\u00d1ADA Y CONTORNO DEL VEH\u00cdCULO POR USO.<\/p>\n","protected":false},"featured_media":6645,"comment_status":"open","ping_status":"closed","template":"","meta":[],"product_cat":[275],"product_tag":[],"class_list":["post-6644","product","type-product","status-publish","has-post-thumbnail","hentry","product_cat-pendiente-no-a-la-venta"],"_links":{"self":[{"href":"https:\/\/gestionfin.com\/subastas\/wp-json\/wp\/v2\/product\/6644","targetHints":{"allow":["GET"]}}],"collection":[{"href":"https:\/\/gestionfin.com\/subastas\/wp-json\/wp\/v2\/product"}],"about":[{"href":"https:\/\/gestionfin.com\/subastas\/wp-json\/wp\/v2\/types\/product"}],"replies":[{"embeddable":true,"href":"https:\/\/gestionfin.com\/subastas\/wp-json\/wp\/v2\/comments?post=6644"}],"wp:featuredmedia":[{"embeddable":true,"href":"https:\/\/gestionfin.com\/subastas\/wp-json\/wp\/v2\/media\/6645"}],"wp:attachment":[{"href":"https:\/\/gestionfin.com\/subastas\/wp-json\/wp\/v2\/media?parent=6644"}],"wp:term":[{"taxonomy":"product_cat","embeddable":true,"href":"https:\/\/gestionfin.com\/subastas\/wp-json\/wp\/v2\/product_cat?post=6644"},{"taxonomy":"product_tag","embeddable":true,"href":"https:\/\/gestionfin.com\/subastas\/wp-json\/wp\/v2\/product_tag?post=6644"}],"curies":[{"name":"wp","href":"https:\/\/api.w.org\/{rel}","templated":true}]}}